{"id":2,"date":"2022-07-20T14:15:59","date_gmt":"2022-07-20T14:15:59","guid":{"rendered":"https:\/\/lamanu.lukashof.com\/?page_id=2"},"modified":"2022-07-20T19:23:53","modified_gmt":"2022-07-20T19:23:53","slug":"sample-page","status":"publish","type":"page","link":"https:\/\/lamanu.lukashof.com\/?page_id=2","title":{"rendered":"Kr\u00e4uterweiberladen"},"content":{"rendered":"\n<h1 class=\"wp-block-heading\"><\/h1>\n\n\n\n<div class=\"wp-block-group is-nowrap is-layout-flex wp-container-core-group-is-layout-ad2f72ca wp-block-group-is-layout-flex\">\n<figure class=\"wp-block-image\"><img decoding=\"async\" src=\"https:\/\/lebenswerkstaetten-stainz.at\/wp-content\/uploads\/2019\/08\/DSC_4846-150x150.jpg\" alt=\"DSC_4846\"\/><\/figure>\n\n\n\n<figure class=\"wp-block-image\"><img decoding=\"async\" src=\"https:\/\/lebenswerkstaetten-stainz.at\/wp-content\/uploads\/2019\/08\/DSC_4848-150x150.jpg\" alt=\"DSC_4848\"\/><\/figure>\n\n\n\n<figure class=\"wp-block-image\"><img decoding=\"async\" src=\"https:\/\/lebenswerkstaetten-stainz.at\/wp-content\/uploads\/2022\/06\/DSC08314-scaled-e1656488327994-150x150.jpg\" alt=\"DSC08314\"\/><\/figure>\n\n\n\n<figure class=\"wp-block-image\"><img decoding=\"async\" src=\"https:\/\/lebenswerkstaetten-stainz.at\/wp-content\/uploads\/2020\/12\/IMG-20180921-WA0000-150x150.jpg\" alt=\"IMG-20180921-WA0000\"\/><\/figure>\n\n\n\n<figure class=\"wp-block-image\"><img decoding=\"async\" src=\"https:\/\/lebenswerkstaetten-stainz.at\/wp-content\/uploads\/2020\/11\/Immunsystemstaerken-150x150.png\" alt=\"Immunsystemst\u00e4rken\"\/><\/figure>\n<\/div>\n\n\n\n<div class=\"wp-block-group is-nowrap is-layout-flex wp-container-core-group-is-layout-ad2f72ca wp-block-group-is-layout-flex\">\n<figure class=\"wp-block-image\"><img decoding=\"async\" src=\"https:\/\/lebenswerkstaetten-stainz.at\/wp-content\/uploads\/2019\/08\/DSC_4846-150x150.jpg\" alt=\"DSC_4846\"\/><\/figure>\n\n\n\n<figure class=\"wp-block-image\"><img decoding=\"async\" src=\"https:\/\/lebenswerkstaetten-stainz.at\/wp-content\/uploads\/2019\/08\/DSC_4848-150x150.jpg\" alt=\"DSC_4848\"\/><\/figure>\n\n\n\n<figure class=\"wp-block-image\"><img decoding=\"async\" src=\"https:\/\/lebenswerkstaetten-stainz.at\/wp-content\/uploads\/2022\/06\/DSC08314-scaled-e1656488327994-150x150.jpg\" alt=\"DSC08314\"\/><\/figure>\n\n\n\n<figure class=\"wp-block-image\"><img decoding=\"async\" src=\"https:\/\/lebenswerkstaetten-stainz.at\/wp-content\/uploads\/2020\/12\/IMG-20180921-WA0000-150x150.jpg\" alt=\"IMG-20180921-WA0000\"\/><\/figure>\n\n\n\n<figure class=\"wp-block-image\"><img decoding=\"async\" src=\"https:\/\/lebenswerkstaetten-stainz.at\/wp-content\/uploads\/2020\/11\/Immunsystemstaerken-150x150.png\" alt=\"Immunsystemst\u00e4rken\"\/><\/figure>\n\n\n\n<figure class=\"wp-block-image\"><img decoding=\"async\" src=\"https:\/\/lebenswerkstaetten-stainz.at\/wp-content\/uploads\/2019\/08\/DSC_4846-150x150.jpg\" alt=\"DSC_4846\"\/><\/figure>\n<\/div>\n\n\n\n<p>Zur\u00fcck<\/p>\n\n\n\n<p>Weiter<\/p>\n\n\n\n<div class=\"wp-block-group\"><div class=\"wp-block-group__inner-container is-layout-flow wp-block-group-is-layout-flow\">\n<p>Es ist \u00e4u\u00dferst schwierig etwas so Umfangreiches kurz und dennoch ausf\u00fchrlich zu beschreiben, aber ich werde mich bem\u00fchen, dass was Mann\/Frau sp\u00fcrt, wenn Frau\/Mann im Kr\u00e4uterweiberladen ist, in Worte zu fassen.<\/p>\n\n\n\n<p>Der Laden ist das Herzst\u00fcck der Lebenswerkst\u00e4tten \u2013 ein Ort der Begegnung. Es ist Treffpunkt f\u00fcr Mitglieder, Kunden, Alte, Junge, M\u00e4nner, Frauen und Kinder.<\/p>\n\n\n\n<p>Oft entstehen ganz spontan Gespr\u00e4chsrunden in denen Themen des Alltags aufgegriffen, Ideen geboren und auch zum Leben erweckt werden.<\/p>\n\n\n\n<p>Es ist Schnittstelle zwischen normalem Konsum und gezieltem Erwerb hochwertiger Kostbarkeiten.<\/p>\n\n\n\n<p>Man k\u00f6nnte sagen es ist der \u201eSUPER\u201c Markt der Zukunft dessen Sortiment je nach Bedarf erweitert oder ver\u00e4ndert wird. Von Hautpflege urspr\u00fcnglichster und nat\u00fcrlichster Art aus<br>eigener Produktion, \u00fcber Nahrungserg\u00e4nzungsmittel bis hin zu Reinigungsmittel die Haut und Umwelt schonen und pflegen findet man bei uns viele tolle Sch\u00e4tze die man im Alltag<br>einsetzen kann.<\/p>\n\n\n\n<p>Einige unserer Mitglieder bieten im Kr\u00e4uterweiberladen die Dinge an, die sie erschaffen, darunter finden sich Tees, Seifen, R\u00e4uchermischungen, Schmuck, Taschen, Gelees, Sirup, Cutneys, Salzmischungen u.v.m. \u2013 viel Regionales bzw. Saisonales!<\/p>\n\n\n\n<p>Wie gesagt, es ist schwierig etwas so Umfangreiches kurz und dennoch ausf\u00fchrlich zu beschreiben; darum ist jeder herzlich eingeladen vorbei zu kommen um sich selbst ein Bild zu machen.<\/p>\n<\/div><\/div>\n","protected":false},"excerpt":{"rendered":"<p>Zur\u00fcck Weiter Es ist \u00e4u\u00dferst schwierig etwas so Umfangreiches kurz und dennoch ausf\u00fchrlich zu beschreiben, aber ich werde mich bem\u00fchen, dass was Mann\/Frau sp\u00fcrt, wenn Frau\/Mann im Kr\u00e4uterweiberladen ist, in Worte zu fassen. Der Laden ist das Herzst\u00fcck der Lebenswerkst\u00e4tten \u2013 ein Ort der Begegnung. Es ist Treffpunkt f\u00fcr Mitglieder, Kunden, Alte, Junge, M\u00e4nner, Frauen &hellip; <\/p>\n<p class=\"link-more\"><a href=\"https:\/\/lamanu.lukashof.com\/?page_id=2\" class=\"more-link\">Mehr <span class=\"screen-reader-text\">\u00fcber &#8222;Kr\u00e4uterweiberladen&#8220; <\/span>Lesen<\/a><\/p>\n","protected":false},"author":1,"featured_media":0,"parent":0,"menu_order":0,"comment_status":"closed","ping_status":"closed","template":"","meta":{"footnotes":""},"class_list":["post-2","page","type-page","status-publish","hentry"],"yoast_head":"<!-- This site is optimized with the Yoast SEO plugin v19.4 - https:\/\/yoast.com\/wordpress\/plugins\/seo\/ -->\n<title>Kr\u00e4uterweiberladen - Lamanu Testseite<\/title>\n<meta name=\"robots\" content=\"index, follow, max-snippet:-1, max-image-preview:large, max-video-preview:-1\" \/>\n<link rel=\"canonical\" href=\"https:\/\/lamanu.lukashof.com\/?page_id=2\" \/>\n<meta property=\"og:locale\" content=\"de_DE\" \/>\n<meta property=\"og:type\" content=\"article\" \/>\n<meta property=\"og:title\" content=\"Kr\u00e4uterweiberladen - Lamanu Testseite\" \/>\n<meta property=\"og:description\" content=\"Zur\u00fcck Weiter Es ist \u00e4u\u00dferst schwierig etwas so Umfangreiches kurz und dennoch ausf\u00fchrlich zu beschreiben, aber ich werde mich bem\u00fchen, dass was Mann\/Frau sp\u00fcrt, wenn Frau\/Mann im Kr\u00e4uterweiberladen ist, in Worte zu fassen. Der Laden ist das Herzst\u00fcck der Lebenswerkst\u00e4tten \u2013 ein Ort der Begegnung. Es ist Treffpunkt f\u00fcr Mitglieder, Kunden, Alte, Junge, M\u00e4nner, Frauen &hellip; Mehr \u00fcber &quot;Kr\u00e4uterweiberladen&quot; Lesen\" \/>\n<meta property=\"og:url\" content=\"https:\/\/lamanu.lukashof.com\/?page_id=2\" \/>\n<meta property=\"og:site_name\" content=\"Lamanu Testseite\" \/>\n<meta property=\"article:modified_time\" content=\"2022-07-20T19:23:53+00:00\" \/>\n<meta property=\"og:image\" content=\"https:\/\/lebenswerkstaetten-stainz.at\/wp-content\/uploads\/2019\/08\/DSC_4846-150x150.jpg\" \/>\n<meta name=\"twitter:card\" content=\"summary_large_image\" \/>\n<meta name=\"twitter:label1\" content=\"Gesch\u00e4tzte Lesezeit\" \/>\n\t<meta name=\"twitter:data1\" content=\"4\u00a0Minuten\" \/>\n<script type=\"application\/ld+json\" class=\"yoast-schema-graph\">{\"@context\":\"https:\/\/schema.org\",\"@graph\":[{\"@type\":\"WebSite\",\"@id\":\"https:\/\/lamanu.lukashof.com\/#website\",\"url\":\"https:\/\/lamanu.lukashof.com\/\",\"name\":\"Lamanu Testseite\",\"description\":\"Just another WordPress site\",\"potentialAction\":[{\"@type\":\"SearchAction\",\"target\":{\"@type\":\"EntryPoint\",\"urlTemplate\":\"https:\/\/lamanu.lukashof.com\/?s={search_term_string}\"},\"query-input\":\"required name=search_term_string\"}],\"inLanguage\":\"de\"},{\"@type\":\"WebPage\",\"@id\":\"https:\/\/lamanu.lukashof.com\/?page_id=2\",\"url\":\"https:\/\/lamanu.lukashof.com\/?page_id=2\",\"name\":\"Kr\u00e4uterweiberladen - Lamanu Testseite\",\"isPartOf\":{\"@id\":\"https:\/\/lamanu.lukashof.com\/#website\"},\"datePublished\":\"2022-07-20T14:15:59+00:00\",\"dateModified\":\"2022-07-20T19:23:53+00:00\",\"breadcrumb\":{\"@id\":\"https:\/\/lamanu.lukashof.com\/?page_id=2#breadcrumb\"},\"inLanguage\":\"de\",\"potentialAction\":[{\"@type\":\"ReadAction\",\"target\":[\"https:\/\/lamanu.lukashof.com\/?page_id=2\"]}]},{\"@type\":\"BreadcrumbList\",\"@id\":\"https:\/\/lamanu.lukashof.com\/?page_id=2#breadcrumb\",\"itemListElement\":[{\"@type\":\"ListItem\",\"position\":1,\"name\":\"Startseite\",\"item\":\"https:\/\/lamanu.lukashof.com\/\"},{\"@type\":\"ListItem\",\"position\":2,\"name\":\"Kr\u00e4uterweiberladen\"}]}]}<\/script>\n<!-- \/ Yoast SEO plugin. -->","yoast_head_json":{"title":"Kr\u00e4uterweiberladen - Lamanu Testseite","robots":{"index":"index","follow":"follow","max-snippet":"max-snippet:-1","max-image-preview":"max-image-preview:large","max-video-preview":"max-video-preview:-1"},"canonical":"https:\/\/lamanu.lukashof.com\/?page_id=2","og_locale":"de_DE","og_type":"article","og_title":"Kr\u00e4uterweiberladen - Lamanu Testseite","og_description":"Zur\u00fcck Weiter Es ist \u00e4u\u00dferst schwierig etwas so Umfangreiches kurz und dennoch ausf\u00fchrlich zu beschreiben, aber ich werde mich bem\u00fchen, dass was Mann\/Frau sp\u00fcrt, wenn Frau\/Mann im Kr\u00e4uterweiberladen ist, in Worte zu fassen. Der Laden ist das Herzst\u00fcck der Lebenswerkst\u00e4tten \u2013 ein Ort der Begegnung. Es ist Treffpunkt f\u00fcr Mitglieder, Kunden, Alte, Junge, M\u00e4nner, Frauen &hellip; Mehr \u00fcber \"Kr\u00e4uterweiberladen\" Lesen","og_url":"https:\/\/lamanu.lukashof.com\/?page_id=2","og_site_name":"Lamanu Testseite","article_modified_time":"2022-07-20T19:23:53+00:00","og_image":[{"url":"https:\/\/lebenswerkstaetten-stainz.at\/wp-content\/uploads\/2019\/08\/DSC_4846-150x150.jpg"}],"twitter_card":"summary_large_image","twitter_misc":{"Gesch\u00e4tzte Lesezeit":"4\u00a0Minuten"},"schema":{"@context":"https:\/\/schema.org","@graph":[{"@type":"WebSite","@id":"https:\/\/lamanu.lukashof.com\/#website","url":"https:\/\/lamanu.lukashof.com\/","name":"Lamanu Testseite","description":"Just another WordPress site","potentialAction":[{"@type":"SearchAction","target":{"@type":"EntryPoint","urlTemplate":"https:\/\/lamanu.lukashof.com\/?s={search_term_string}"},"query-input":"required name=search_term_string"}],"inLanguage":"de"},{"@type":"WebPage","@id":"https:\/\/lamanu.lukashof.com\/?page_id=2","url":"https:\/\/lamanu.lukashof.com\/?page_id=2","name":"Kr\u00e4uterweiberladen - Lamanu Testseite","isPartOf":{"@id":"https:\/\/lamanu.lukashof.com\/#website"},"datePublished":"2022-07-20T14:15:59+00:00","dateModified":"2022-07-20T19:23:53+00:00","breadcrumb":{"@id":"https:\/\/lamanu.lukashof.com\/?page_id=2#breadcrumb"},"inLanguage":"de","potentialAction":[{"@type":"ReadAction","target":["https:\/\/lamanu.lukashof.com\/?page_id=2"]}]},{"@type":"BreadcrumbList","@id":"https:\/\/lamanu.lukashof.com\/?page_id=2#breadcrumb","itemListElement":[{"@type":"ListItem","position":1,"name":"Startseite","item":"https:\/\/lamanu.lukashof.com\/"},{"@type":"ListItem","position":2,"name":"Kr\u00e4uterweiberladen"}]}]}},"featured_media_urls":[],"_links":{"self":[{"href":"https:\/\/lamanu.lukashof.com\/index.php?rest_route=\/wp\/v2\/pages\/2","targetHints":{"allow":["GET"]}}],"collection":[{"href":"https:\/\/lamanu.lukashof.com\/index.php?rest_route=\/wp\/v2\/pages"}],"about":[{"href":"https:\/\/lamanu.lukashof.com\/index.php?rest_route=\/wp\/v2\/types\/page"}],"author":[{"embeddable":true,"href":"https:\/\/lamanu.lukashof.com\/index.php?rest_route=\/wp\/v2\/users\/1"}],"replies":[{"embeddable":true,"href":"https:\/\/lamanu.lukashof.com\/index.php?rest_route=%2Fwp%2Fv2%2Fcomments&post=2"}],"version-history":[{"count":4,"href":"https:\/\/lamanu.lukashof.com\/index.php?rest_route=\/wp\/v2\/pages\/2\/revisions"}],"predecessor-version":[{"id":43,"href":"https:\/\/lamanu.lukashof.com\/index.php?rest_route=\/wp\/v2\/pages\/2\/revisions\/43"}],"wp:attachment":[{"href":"https:\/\/lamanu.lukashof.com\/index.php?rest_route=%2Fwp%2Fv2%2Fmedia&parent=2"}],"curies":[{"name":"wp","href":"https:\/\/api.w.org\/{rel}","templated":true}]}}