{"id":21,"date":"2022-07-20T15:20:22","date_gmt":"2022-07-20T15:20:22","guid":{"rendered":"https:\/\/lamanu.lukashof.com\/?post_type=product&#038;p=21"},"modified":"2022-08-02T08:35:08","modified_gmt":"2022-08-02T08:35:08","slug":"laplanta-einjaehriger-beifuss-kraeuterdreiklang","status":"publish","type":"product","link":"https:\/\/lamanu.lukashof.com\/?product=laplanta-einjaehriger-beifuss-kraeuterdreiklang","title":{"rendered":"Laplanta Einj\u00e4hriger Beifu\u00df Kr\u00e4uterdreiklang"},"content":{"rendered":"<p>r\u00e4uter \u2013 Dreikl\u00e4nge sind noch nie da gewesen, sind eine ganz neue Idee.<br \/>\nMit ihnen schenken uns die Pflanzen ihre Kr\u00e4uterkraft in drei Formen:<br \/>\nAls alkoholisch-w\u00e4ssriger Frischpflanzen-Auszug (wie \u201eKr\u00e4uter tropfenweise\u201c)<br \/>\nals Hydrolat (Pflanzen-\/Bl\u00fctenwasser) und als Bl\u00fctenessenz (wie \u201eBachbl\u00fcten\u201c u.\u00e4). Zusammengemischt in einer Spr\u00fchflasche.<br \/>\nDie Mischungen kann man \u00fcber Speisen spr\u00fchen, besonders gut \u00fcber Salate oder Desserts.<br \/>\nAber auch pur in den Mund schmecken sie lustig.<br \/>\nEs ist nicht schwer, so einen Schatz selbst herzustellen.<\/p>\n<p><strong>Was sagt das Pflanzenwesen aus?<\/strong><br \/>\n<em>&#8222;Stark, strukturiert, liebevoll, geordnet, warm durchstr\u00f6mt; begleitet mich deshalb gut durch Ver\u00e4nderungen, unterst\u00fctzt mich bei der Verdauung von schwer Verdaulichem&#8220;<\/em><\/p>\n<p>&nbsp;<\/p>\n<p>Bestandteile:<br \/>\nHydrolat, alkoholisch-w\u00e4ssriger Frischpflanzenauszug, Bl\u00fctenessenz<br \/>\nAlkoholgehalt: 17%<\/p>\n<p>*bedeutet:<br \/>\naus kontrolliert biologischem Anbau, biologisch-dynamischem Anbau oder kontrollierter Wildsammlung<\/p>\n<p>Anwendung:<br \/>\nZur Aromatisierung und Belebung \u00fcber Speisen spr\u00fchen, besonders geeignet f\u00fcr Desserts und Salate; k\u00fchl und trocken lagern<\/p>\n","protected":false},"excerpt":{"rendered":"<p>Kr\u00e4uterbalsam mit einj\u00e4hrigem Beifu\u00df<\/p>\n","protected":false},"featured_media":46,"comment_status":"open","ping_status":"closed","template":"","meta":[],"product_cat":[22,18],"product_tag":[],"class_list":{"0":"post-21","1":"product","2":"type-product","3":"status-publish","4":"has-post-thumbnail","6":"product_cat-laplanta","7":"product_cat-naturkosmetik","9":"first","10":"onbackorder","11":"taxable","12":"shipping-taxable","13":"purchasable","14":"product-type-simple"},"yoast_head":"<!-- This site is optimized with the Yoast SEO plugin v19.4 - https:\/\/yoast.com\/wordpress\/plugins\/seo\/ -->\n<title>Laplanta Einj\u00e4hriger Beifu\u00df Kr\u00e4uterdreiklang - Lamanu Testseite<\/title>\n<meta name=\"robots\" content=\"index, follow, max-snippet:-1, max-image-preview:large, max-video-preview:-1\" \/>\n<link rel=\"canonical\" href=\"https:\/\/lamanu.lukashof.com\/?product=laplanta-einjaehriger-beifuss-kraeuterdreiklang\" \/>\n<meta property=\"og:locale\" content=\"de_DE\" \/>\n<meta property=\"og:type\" content=\"article\" \/>\n<meta property=\"og:title\" content=\"Laplanta Einj\u00e4hriger Beifu\u00df Kr\u00e4uterdreiklang - Lamanu Testseite\" \/>\n<meta property=\"og:description\" content=\"Kr\u00e4uterbalsam mit einj\u00e4hrigem Beifu\u00df\" \/>\n<meta property=\"og:url\" content=\"https:\/\/lamanu.lukashof.com\/?product=laplanta-einjaehriger-beifuss-kraeuterdreiklang\" \/>\n<meta property=\"og:site_name\" content=\"Lamanu Testseite\" \/>\n<meta property=\"article:modified_time\" content=\"2022-08-02T08:35:08+00:00\" \/>\n<meta property=\"og:image\" content=\"https:\/\/lamanu.lukashof.com\/wp-content\/uploads\/2022\/07\/Hautbalsam-Olive-Lavendel_online_600x600.jpg\" \/>\n\t<meta property=\"og:image:width\" content=\"600\" \/>\n\t<meta property=\"og:image:height\" content=\"550\" \/>\n\t<meta property=\"og:image:type\" content=\"image\/jpeg\" \/>\n<meta name=\"twitter:card\" content=\"summary_large_image\" \/>\n<meta name=\"twitter:label1\" content=\"Gesch\u00e4tzte Lesezeit\" \/>\n\t<meta name=\"twitter:data1\" content=\"1\u00a0Minute\" \/>\n<script type=\"application\/ld+json\" class=\"yoast-schema-graph\">{\"@context\":\"https:\/\/schema.org\",\"@graph\":[{\"@type\":\"WebSite\",\"@id\":\"https:\/\/lamanu.lukashof.com\/#website\",\"url\":\"https:\/\/lamanu.lukashof.com\/\",\"name\":\"Lamanu Testseite\",\"description\":\"Just another WordPress site\",\"potentialAction\":[{\"@type\":\"SearchAction\",\"target\":{\"@type\":\"EntryPoint\",\"urlTemplate\":\"https:\/\/lamanu.lukashof.com\/?s={search_term_string}\"},\"query-input\":\"required name=search_term_string\"}],\"inLanguage\":\"de\"},{\"@type\":\"WebPage\",\"@id\":\"https:\/\/lamanu.lukashof.com\/?product=laplanta-einjaehriger-beifuss-kraeuterdreiklang\",\"url\":\"https:\/\/lamanu.lukashof.com\/?product=laplanta-einjaehriger-beifuss-kraeuterdreiklang\",\"name\":\"Laplanta Einj\u00e4hriger Beifu\u00df Kr\u00e4uterdreiklang - Lamanu Testseite\",\"isPartOf\":{\"@id\":\"https:\/\/lamanu.lukashof.com\/#website\"},\"datePublished\":\"2022-07-20T15:20:22+00:00\",\"dateModified\":\"2022-08-02T08:35:08+00:00\",\"breadcrumb\":{\"@id\":\"https:\/\/lamanu.lukashof.com\/?product=laplanta-einjaehriger-beifuss-kraeuterdreiklang#breadcrumb\"},\"inLanguage\":\"de\",\"potentialAction\":[{\"@type\":\"ReadAction\",\"target\":[\"https:\/\/lamanu.lukashof.com\/?product=laplanta-einjaehriger-beifuss-kraeuterdreiklang\"]}]},{\"@type\":\"BreadcrumbList\",\"@id\":\"https:\/\/lamanu.lukashof.com\/?product=laplanta-einjaehriger-beifuss-kraeuterdreiklang#breadcrumb\",\"itemListElement\":[{\"@type\":\"ListItem\",\"position\":1,\"name\":\"Startseite\",\"item\":\"https:\/\/lamanu.lukashof.com\/\"},{\"@type\":\"ListItem\",\"position\":2,\"name\":\"Shop\",\"item\":\"https:\/\/lamanu.lukashof.com\/?page_id=6\"},{\"@type\":\"ListItem\",\"position\":3,\"name\":\"Laplanta Einj\u00e4hriger Beifu\u00df Kr\u00e4uterdreiklang\"}]}]}<\/script>\n<!-- \/ Yoast SEO plugin. -->","yoast_head_json":{"title":"Laplanta Einj\u00e4hriger Beifu\u00df Kr\u00e4uterdreiklang - Lamanu Testseite","robots":{"index":"index","follow":"follow","max-snippet":"max-snippet:-1","max-image-preview":"max-image-preview:large","max-video-preview":"max-video-preview:-1"},"canonical":"https:\/\/lamanu.lukashof.com\/?product=laplanta-einjaehriger-beifuss-kraeuterdreiklang","og_locale":"de_DE","og_type":"article","og_title":"Laplanta Einj\u00e4hriger Beifu\u00df Kr\u00e4uterdreiklang - Lamanu Testseite","og_description":"Kr\u00e4uterbalsam mit einj\u00e4hrigem Beifu\u00df","og_url":"https:\/\/lamanu.lukashof.com\/?product=laplanta-einjaehriger-beifuss-kraeuterdreiklang","og_site_name":"Lamanu Testseite","article_modified_time":"2022-08-02T08:35:08+00:00","og_image":[{"width":600,"height":550,"url":"https:\/\/lamanu.lukashof.com\/wp-content\/uploads\/2022\/07\/Hautbalsam-Olive-Lavendel_online_600x600.jpg","type":"image\/jpeg"}],"twitter_card":"summary_large_image","twitter_misc":{"Gesch\u00e4tzte Lesezeit":"1\u00a0Minute"},"schema":{"@context":"https:\/\/schema.org","@graph":[{"@type":"WebSite","@id":"https:\/\/lamanu.lukashof.com\/#website","url":"https:\/\/lamanu.lukashof.com\/","name":"Lamanu Testseite","description":"Just another WordPress site","potentialAction":[{"@type":"SearchAction","target":{"@type":"EntryPoint","urlTemplate":"https:\/\/lamanu.lukashof.com\/?s={search_term_string}"},"query-input":"required name=search_term_string"}],"inLanguage":"de"},{"@type":"WebPage","@id":"https:\/\/lamanu.lukashof.com\/?product=laplanta-einjaehriger-beifuss-kraeuterdreiklang","url":"https:\/\/lamanu.lukashof.com\/?product=laplanta-einjaehriger-beifuss-kraeuterdreiklang","name":"Laplanta Einj\u00e4hriger Beifu\u00df Kr\u00e4uterdreiklang - Lamanu Testseite","isPartOf":{"@id":"https:\/\/lamanu.lukashof.com\/#website"},"datePublished":"2022-07-20T15:20:22+00:00","dateModified":"2022-08-02T08:35:08+00:00","breadcrumb":{"@id":"https:\/\/lamanu.lukashof.com\/?product=laplanta-einjaehriger-beifuss-kraeuterdreiklang#breadcrumb"},"inLanguage":"de","potentialAction":[{"@type":"ReadAction","target":["https:\/\/lamanu.lukashof.com\/?product=laplanta-einjaehriger-beifuss-kraeuterdreiklang"]}]},{"@type":"BreadcrumbList","@id":"https:\/\/lamanu.lukashof.com\/?product=laplanta-einjaehriger-beifuss-kraeuterdreiklang#breadcrumb","itemListElement":[{"@type":"ListItem","position":1,"name":"Startseite","item":"https:\/\/lamanu.lukashof.com\/"},{"@type":"ListItem","position":2,"name":"Shop","item":"https:\/\/lamanu.lukashof.com\/?page_id=6"},{"@type":"ListItem","position":3,"name":"Laplanta Einj\u00e4hriger Beifu\u00df Kr\u00e4uterdreiklang"}]}]}},"featured_media_urls":{"thumbnail":["https:\/\/lamanu.lukashof.com\/wp-content\/uploads\/2022\/07\/Hautbalsam-Olive-Lavendel_online_600x600-150x150.jpg",150,150,true],"medium":["https:\/\/lamanu.lukashof.com\/wp-content\/uploads\/2022\/07\/Hautbalsam-Olive-Lavendel_online_600x600-300x275.jpg",300,275,true],"medium_large":["https:\/\/lamanu.lukashof.com\/wp-content\/uploads\/2022\/07\/Hautbalsam-Olive-Lavendel_online_600x600.jpg",600,550,false],"large":["https:\/\/lamanu.lukashof.com\/wp-content\/uploads\/2022\/07\/Hautbalsam-Olive-Lavendel_online_600x600.jpg",600,550,false],"1536x1536":["https:\/\/lamanu.lukashof.com\/wp-content\/uploads\/2022\/07\/Hautbalsam-Olive-Lavendel_online_600x600.jpg",600,550,false],"2048x2048":["https:\/\/lamanu.lukashof.com\/wp-content\/uploads\/2022\/07\/Hautbalsam-Olive-Lavendel_online_600x600.jpg",600,550,false],"inspiro-featured-image":["https:\/\/lamanu.lukashof.com\/wp-content\/uploads\/2022\/07\/Hautbalsam-Olive-Lavendel_online_600x600.jpg",600,550,false],"inspiro-loop":["https:\/\/lamanu.lukashof.com\/wp-content\/uploads\/2022\/07\/Hautbalsam-Olive-Lavendel_online_600x600-600x320.jpg",600,320,true],"inspiro-loop@2x":["https:\/\/lamanu.lukashof.com\/wp-content\/uploads\/2022\/07\/Hautbalsam-Olive-Lavendel_online_600x600.jpg",600,550,false],"woocommerce_thumbnail":["https:\/\/lamanu.lukashof.com\/wp-content\/uploads\/2022\/07\/Hautbalsam-Olive-Lavendel_online_600x600-300x300.jpg",300,300,true],"woocommerce_single":["https:\/\/lamanu.lukashof.com\/wp-content\/uploads\/2022\/07\/Hautbalsam-Olive-Lavendel_online_600x600.jpg",600,550,false],"woocommerce_gallery_thumbnail":["https:\/\/lamanu.lukashof.com\/wp-content\/uploads\/2022\/07\/Hautbalsam-Olive-Lavendel_online_600x600-100x100.jpg",100,100,true],"shop_catalog":["https:\/\/lamanu.lukashof.com\/wp-content\/uploads\/2022\/07\/Hautbalsam-Olive-Lavendel_online_600x600-300x300.jpg",300,300,true],"shop_single":["https:\/\/lamanu.lukashof.com\/wp-content\/uploads\/2022\/07\/Hautbalsam-Olive-Lavendel_online_600x600.jpg",600,550,false],"shop_thumbnail":["https:\/\/lamanu.lukashof.com\/wp-content\/uploads\/2022\/07\/Hautbalsam-Olive-Lavendel_online_600x600-100x100.jpg",100,100,true],"portfolio_item-thumbnail":["https:\/\/lamanu.lukashof.com\/wp-content\/uploads\/2022\/07\/Hautbalsam-Olive-Lavendel_online_600x600-600x400.jpg",600,400,true],"portfolio_item-masonry":["https:\/\/lamanu.lukashof.com\/wp-content\/uploads\/2022\/07\/Hautbalsam-Olive-Lavendel_online_600x600.jpg",600,550,false],"portfolio_item-thumbnail_cinema":["https:\/\/lamanu.lukashof.com\/wp-content\/uploads\/2022\/07\/Hautbalsam-Olive-Lavendel_online_600x600-600x335.jpg",600,335,true],"portfolio_item-thumbnail_portrait":["https:\/\/lamanu.lukashof.com\/wp-content\/uploads\/2022\/07\/Hautbalsam-Olive-Lavendel_online_600x600.jpg",600,550,false],"portfolio_item-thumbnail_square":["https:\/\/lamanu.lukashof.com\/wp-content\/uploads\/2022\/07\/Hautbalsam-Olive-Lavendel_online_600x600.jpg",600,550,false]},"_links":{"self":[{"href":"https:\/\/lamanu.lukashof.com\/index.php?rest_route=\/wp\/v2\/product\/21","targetHints":{"allow":["GET"]}}],"collection":[{"href":"https:\/\/lamanu.lukashof.com\/index.php?rest_route=\/wp\/v2\/product"}],"about":[{"href":"https:\/\/lamanu.lukashof.com\/index.php?rest_route=\/wp\/v2\/types\/product"}],"replies":[{"embeddable":true,"href":"https:\/\/lamanu.lukashof.com\/index.php?rest_route=%2Fwp%2Fv2%2Fcomments&post=21"}],"wp:featuredmedia":[{"embeddable":true,"href":"https:\/\/lamanu.lukashof.com\/index.php?rest_route=\/wp\/v2\/media\/46"}],"wp:attachment":[{"href":"https:\/\/lamanu.lukashof.com\/index.php?rest_route=%2Fwp%2Fv2%2Fmedia&parent=21"}],"wp:term":[{"taxonomy":"product_cat","embeddable":true,"href":"https:\/\/lamanu.lukashof.com\/index.php?rest_route=%2Fwp%2Fv2%2Fproduct_cat&post=21"},{"taxonomy":"product_tag","embeddable":true,"href":"https:\/\/lamanu.lukashof.com\/index.php?rest_route=%2Fwp%2Fv2%2Fproduct_tag&post=21"}],"curies":[{"name":"wp","href":"https:\/\/api.w.org\/{rel}","templated":true}]}}